{"id":1795,"date":"2018-11-14T16:46:41","date_gmt":"2018-11-14T16:46:41","guid":{"rendered":"http:\/\/marisaborioninew.anteprima.in\/?page_id=1795"},"modified":"2018-11-15T21:57:19","modified_gmt":"2018-11-15T21:57:19","slug":"faq-terms-condition","status":"publish","type":"page","link":"http:\/\/marisaborioni.com\/en\/faq-terms-condition\/","title":{"rendered":"FAQ &#8211; Terms &#038; Conditions"},"content":{"rendered":"<div class=\"container section-title-container\" ><h3 class=\"section-title section-title-center\"><b><\/b><span class=\"section-title-main\" >Possiamo aiutarti?<\/span><b><\/b><\/h3><\/div><!-- .section-title -->\n<div class=\"accordion\" rel=\"\">\n<div class=\"accordion-item\"><a href=\"#\" class=\"accordion-title plain\"><button class=\"toggle\"><i class=\"icon-angle-down\"><\/i><\/button><span>Modulo di recesso e restituzione<\/span><\/a><div class=\"accordion-inner\">\n<p>Scarica, compila e invia il modulo per ottenere il reso.<\/p>\n<p><a class=\"button primary\" href=\"\/wp-content\/uploads\/2018\/08\/Modulo-di-recesso-e-restituzione.doc\">Download Modulo di Recesso e Restituzione<\/a><\/p>\n<\/div><\/div>\n<div class=\"accordion-item\"><a href=\"#\" class=\"accordion-title plain\"><button class=\"toggle\"><i class=\"icon-angle-down\"><\/i><\/button><span>Spedizione gratuita<\/span><\/a><div class=\"accordion-inner\">\n<p>Siamo lieti di garantirti spedizione gratuita per ogni ordine realizzato su Simileasrl.com.<\/p>\n<p>Offriamo il reso su tutti gli ordini spediti nel paese in cui \u00e8 stato effettuato l\u2019acquisto.<\/p>\n<\/div><\/div>\n<div class=\"accordion-item\"><a href=\"#\" class=\"accordion-title plain\"><button class=\"toggle\"><i class=\"icon-angle-down\"><\/i><\/button><span>Quali metodi di pagamento accettate?<\/span><\/a><div class=\"accordion-inner\">\n<p>Similea S.r.l. accetta le seguenti forme di pagamento per gli acquisti online:<\/p>\n<ul>\n<li>Visa<\/li>\n<li>Mastercard<\/li>\n<li>PAYPAL<\/li>\n<li>Bonifico bancario<\/li>\n<\/ul>\n<p>Vi preghiamo di considerare che l&#8217;indirizzo di fatturazione deve corrispondere all&#8217;indirizzo registrato con la carta di credito.<\/p>\n<\/div><\/div>\n<div class=\"accordion-item\"><a href=\"#\" class=\"accordion-title plain\"><button class=\"toggle\"><i class=\"icon-angle-down\"><\/i><\/button><span>Quando sar\u00e0 addebitata la mia carta di credito?<\/span><\/a><div class=\"accordion-inner\">\n<p>Una volta effettuate le necessarie verifiche sui dettagli della carta di credito, ricevuta l&#8217;autorizzazione sulla carta di credito, confermata la disponibilit\u00e0 e preparato l&#8217;ordine per la spedizione , verr\u00e0 effettuato l&#8217;addebito sulla carta. La carta non sar\u00e0 addebitata al momento dell&#8217;impostazione dell&#8217;ordine, ma verr\u00e0 richiesta un&#8217;autorizzazione pari a \u20ac2,00 per verifica.<\/p>\n<\/div><\/div>\n<\/div>\n<div class=\"gap-element\" style=\"display:block; height:auto; padding-top:50px\" class=\"clearfix\"><\/div>\n<div class=\"container section-title-container\" ><h3 class=\"section-title section-title-center\"><b><\/b><span class=\"section-title-main\" >Resi<\/span><b><\/b><\/h3><\/div><!-- .section-title -->\n<div class=\"accordion\" rel=\"\">\n<div class=\"accordion-item\"><a href=\"#\" class=\"accordion-title plain\"><button class=\"toggle\"><i class=\"icon-angle-down\"><\/i><\/button><span>Qual \u00e8 la vostra politica di reso? Quanti giorni ho per restituire un prodotto?<\/span><\/a><div class=\"accordion-inner\">\n<p>Per gli acquisti online, Simileasrl rimborser\u00e0 per intero il prezzo dei Prodotti a patto che questi vengano restituiti dal Cliente non indossati, non usati e non danneggiati, nonch\u00e9 accompagnati dalla relativa fattura originale.<\/p>\n<p>La merce dovr\u00e0 essere restituita entro il termine di 14 (quattordici) giorni che decorrono dalla data di ricevimento dei Prodotti.<\/p>\n<p>Similea S.r.l. si riserva il diritto di rifiutare a sua discrezione la restituzione di quei Prodotti che non risultino conformi ai requisiti indicati sopra.<\/p>\n<\/div><\/div>\n<div class=\"accordion-item\"><a href=\"#\" class=\"accordion-title plain\"><button class=\"toggle\"><i class=\"icon-angle-down\"><\/i><\/button><span>Quanto dovr\u00f2 aspettare per ricevere il rimborso?<\/span><\/a><div class=\"accordion-inner\">\n<p>Similea S.r.l. far\u00e0 il possibile al fine di assicurare un rimborso il prima possibile. I resi su Simileasrl.com sono processati entro e non oltre 14 (quattordici) giorni dalla data in cui Simileasrl \u00e8 stata informata della decisione del Cliente di recedere dal contratto.<\/p>\n<p>Similea S.r.l. invier\u00e0 una e-mail di notifica una volta effettuato il rimborso. I rimborsi verranno effettuati con Similea S.r.l. si riserva il diritto di rifiutare a sua discrezione la restituzione di quei Prodotti che non risultino conformi ai requisiti indicati sopra.<\/p>\n<\/div><\/div>\n<\/div>\n","protected":false},"excerpt":{"rendered":"","protected":false},"author":1,"featured_media":0,"parent":0,"menu_order":0,"comment_status":"closed","ping_status":"closed","template":"","meta":{"footnotes":""},"_links":{"self":[{"href":"http:\/\/marisaborioni.com\/en\/wp-json\/wp\/v2\/pages\/1795\/"}],"collection":[{"href":"http:\/\/marisaborioni.com\/en\/wp-json\/wp\/v2\/pages\/"}],"about":[{"href":"http:\/\/marisaborioni.com\/en\/wp-json\/wp\/v2\/types\/page\/"}],"author":[{"embeddable":true,"href":"http:\/\/marisaborioni.com\/en\/wp-json\/wp\/v2\/users\/1\/"}],"replies":[{"embeddable":true,"href":"http:\/\/marisaborioni.com\/en\/wp-json\/wp\/v2\/comments\/?post=1795"}],"version-history":[{"count":3,"href":"http:\/\/marisaborioni.com\/en\/wp-json\/wp\/v2\/pages\/1795\/revisions\/"}],"predecessor-version":[{"id":1852,"href":"http:\/\/marisaborioni.com\/en\/wp-json\/wp\/v2\/pages\/1795\/revisions\/1852\/"}],"wp:attachment":[{"href":"http:\/\/marisaborioni.com\/en\/wp-json\/wp\/v2\/media\/?parent=1795"}],"curies":[{"name":"wp","href":"https:\/\/api.w.org\/{rel}","templated":true}]}}