{"id":3221,"date":"2025-04-14T19:04:26","date_gmt":"2025-04-14T19:04:26","guid":{"rendered":"http:\/\/marisaborioni.com\/?post_type=product&#038;p=3221"},"modified":"2025-04-15T06:36:06","modified_gmt":"2025-04-15T06:36:06","slug":"essenza-nera","status":"publish","type":"product","link":"https:\/\/marisaborioni.com\/en\/prodotto\/essenza-nera\/","title":{"rendered":"Essenza nera"},"content":{"rendered":"<p>Essenza Nera \u00e8 un piccolo ma potente simbolo di buon umore e energia positiva. Questo elegante accessorio, che pu\u00f2 essere utilizzato sia come spilla che come decorazione su camicie, borse o qualsiasi altro indumento, \u00e8 il regalo perfetto da parte della Similea per le sue clienti. Realizzato con perline nere, il fiocco \u00e8 un promemoria costante che ognuna di noi \u00e8 unica e importante. La sua delicatezza, unita alla forza simbolica del design, lo rende il regalo ideale per chi vuole sentirsi sempre ricordato e ispirato. Indossarlo \u00e8 un modo per accogliere ogni giorno con un sorriso e la consapevolezza della propria forza e bellezza interiore.<\/p>\n","protected":false},"excerpt":{"rendered":"<p>Fiocco con perline e spilla<\/p>\n","protected":false},"featured_media":3225,"template":"","meta":[],"product_cat":[150,230],"product_tag":[329,328,164,309],"_links":{"self":[{"href":"https:\/\/marisaborioni.com\/en\/wp-json\/wp\/v2\/product\/3221\/"}],"collection":[{"href":"https:\/\/marisaborioni.com\/en\/wp-json\/wp\/v2\/product\/"}],"about":[{"href":"https:\/\/marisaborioni.com\/en\/wp-json\/wp\/v2\/types\/product\/"}],"wp:featuredmedia":[{"embeddable":true,"href":"https:\/\/marisaborioni.com\/en\/wp-json\/wp\/v2\/media\/3225\/"}],"wp:attachment":[{"href":"https:\/\/marisaborioni.com\/en\/wp-json\/wp\/v2\/media\/?parent=3221"}],"wp:term":[{"taxonomy":"product_cat","embeddable":true,"href":"https:\/\/marisaborioni.com\/en\/wp-json\/wp\/v2\/product_cat\/?post=3221"},{"taxonomy":"product_tag","embeddable":true,"href":"https:\/\/marisaborioni.com\/en\/wp-json\/wp\/v2\/product_tag\/?post=3221"}],"curies":[{"name":"wp","href":"https:\/\/api.w.org\/{rel}","templated":true}]}}