{"id":3229,"date":"2025-04-17T07:12:02","date_gmt":"2025-04-17T07:12:02","guid":{"rendered":"http:\/\/marisaborioni.com\/?post_type=product&#038;p=3229"},"modified":"2025-04-19T15:51:15","modified_gmt":"2025-04-19T15:51:15","slug":"primavera","status":"publish","type":"product","link":"https:\/\/marisaborioni.com\/en\/prodotto\/primavera\/","title":{"rendered":"Primavera"},"content":{"rendered":"<p>La collana Primavera \u00e8 un accessorio lungo e giovane che celebra la bellezza della primavera. Composta da perline rivestite di seta rosa, impreziosite da eleganti immagini floreali di rose, la collana \u00e8 un richiamo alla freschezza e alla naturalezza della stagione. Le interruzioni con cristalli aggiungono un tocco luminoso e sofisticato, rendendola adatta a ogni occasione. Perfetta da indossare lunga, ma anche versatile, pu\u00f2 essere facilmente girata pi\u00f9 volte intorno al collo per un look pi\u00f9 elegante e raffinato. Una collana che unisce delicatezza, colore e luminosit\u00e0, un must-have per chi ama un tocco giovane e fresco nel proprio stile.<\/p>\n","protected":false},"excerpt":{"rendered":"<p>Collana lunga con palline ricoperte con seta stampata con cristalli fucsia e rosa luminosi<\/p>\n","protected":false},"featured_media":3236,"template":"","meta":[],"product_cat":[116,230],"product_tag":[162,227,267,274],"_links":{"self":[{"href":"https:\/\/marisaborioni.com\/en\/wp-json\/wp\/v2\/product\/3229\/"}],"collection":[{"href":"https:\/\/marisaborioni.com\/en\/wp-json\/wp\/v2\/product\/"}],"about":[{"href":"https:\/\/marisaborioni.com\/en\/wp-json\/wp\/v2\/types\/product\/"}],"wp:featuredmedia":[{"embeddable":true,"href":"https:\/\/marisaborioni.com\/en\/wp-json\/wp\/v2\/media\/3236\/"}],"wp:attachment":[{"href":"https:\/\/marisaborioni.com\/en\/wp-json\/wp\/v2\/media\/?parent=3229"}],"wp:term":[{"taxonomy":"product_cat","embeddable":true,"href":"https:\/\/marisaborioni.com\/en\/wp-json\/wp\/v2\/product_cat\/?post=3229"},{"taxonomy":"product_tag","embeddable":true,"href":"https:\/\/marisaborioni.com\/en\/wp-json\/wp\/v2\/product_tag\/?post=3229"}],"curies":[{"name":"wp","href":"https:\/\/api.w.org\/{rel}","templated":true}]}}